{"id":523,"date":"2023-04-21T16:31:34","date_gmt":"2023-04-21T16:31:34","guid":{"rendered":"https:\/\/z-plus.be\/covidcarehome\/"},"modified":"2023-05-17T15:08:41","modified_gmt":"2023-05-17T15:08:41","slug":"covidcarehome","status":"publish","type":"page","link":"https:\/\/z-plus.be\/fr\/covidcarehome\/","title":{"rendered":"Covidcare@home"},"content":{"rendered":"\t\t<div data-elementor-type=\"wp-page\" data-elementor-id=\"523\" class=\"elementor elementor-523 elementor-251\" data-elementor-post-type=\"page\">\n\t\t\t\t\t\t<section class=\"elementor-section elementor-top-section elementor-element elementor-element-95554b5 elementor-section-full_width elementor-section-height-default elementor-section-height-default\" data-id=\"95554b5\" data-element_type=\"section\" data-e-type=\"section\" data-settings=\"{&quot;background_background&quot;:&quot;classic&quot;}\">\n\t\t\t\t\t\t<div class=\"elementor-container elementor-column-gap-default\">\n\t\t\t\t\t<div class=\"elementor-column elementor-col-50 elementor-top-column elementor-element elementor-element-3068101\" data-id=\"3068101\" data-element_type=\"column\" data-e-type=\"column\">\n\t\t\t<div class=\"elementor-widget-wrap elementor-element-populated\">\n\t\t\t\t\t\t<div class=\"elementor-element elementor-element-2d23713 elementor-widget elementor-widget-button\" data-id=\"2d23713\" data-element_type=\"widget\" data-e-type=\"widget\" data-widget_type=\"button.default\">\n\t\t\t\t<div class=\"elementor-widget-container\">\n\t\t\t\t\t\t\t\t\t<div class=\"elementor-button-wrapper\">\n\t\t\t\t\t<a class=\"elementor-button elementor-button-link elementor-size-sm\" href=\"#\">\n\t\t\t\t\t\t<span class=\"elementor-button-content-wrapper\">\n\t\t\t\t\t\t\t\t\t<span class=\"elementor-button-text\">Soins \u00e0 distance<\/span>\n\t\t\t\t\t<\/span>\n\t\t\t\t\t<\/a>\n\t\t\t\t<\/div>\n\t\t\t\t\t\t\t\t<\/div>\n\t\t\t\t<\/div>\n\t\t\t\t<div class=\"elementor-element elementor-element-cf69363 elementor-widget elementor-widget-heading\" data-id=\"cf69363\" data-element_type=\"widget\" data-e-type=\"widget\" data-widget_type=\"heading.default\">\n\t\t\t\t<div class=\"elementor-widget-container\">\n\t\t\t\t\t<h3 class=\"elementor-heading-title elementor-size-default\">Covidcare@home<\/h3>\t\t\t\t<\/div>\n\t\t\t\t<\/div>\n\t\t\t\t<div class=\"elementor-element elementor-element-3f1efae elementor-widget elementor-widget-text-editor\" data-id=\"3f1efae\" data-element_type=\"widget\" data-e-type=\"widget\" data-widget_type=\"text-editor.default\">\n\t\t\t\t<div class=\"elementor-widget-container\">\n\t\t\t\t\t\t\t\t\t<p>Covidcare@home permet le suivi \u00e0 domicile des patients atteints de COVID-19 par t\u00e9l\u00e9surveillance. Ce forfait est propos\u00e9 par la soci\u00e9t\u00e9 Byteflies.<\/p>\n\t\t\t\t\t\t\t\t<\/div>\n\t\t\t\t<\/div>\n\t\t\t\t\t<\/div>\n\t\t<\/div>\n\t\t\t\t<div class=\"elementor-column elementor-col-50 elementor-top-column elementor-element elementor-element-524042c\" data-id=\"524042c\" data-element_type=\"column\" data-e-type=\"column\">\n\t\t\t<div class=\"elementor-widget-wrap elementor-element-populated\">\n\t\t\t\t\t\t<div class=\"elementor-element elementor-element-0015ef7 elementor-widget elementor-widget-image\" data-id=\"0015ef7\" data-element_type=\"widget\" data-e-type=\"widget\" data-widget_type=\"image.default\">\n\t\t\t\t<div class=\"elementor-widget-container\">\n\t\t\t\t\t\t\t\t\t\t\t\t\t\t\t<img fetchpriority=\"high\" decoding=\"async\" width=\"675\" height=\"548\" src=\"https:\/\/z-plus.be\/wp-content\/uploads\/2023\/04\/Diabetes-blog.png\" class=\"attachment-large size-large wp-image-453\" alt=\"\" srcset=\"https:\/\/z-plus.be\/wp-content\/uploads\/2023\/04\/Diabetes-blog.png 675w, https:\/\/z-plus.be\/wp-content\/uploads\/2023\/04\/Diabetes-blog-300x244.png 300w\" sizes=\"(max-width: 675px) 100vw, 675px\" \/>\t\t\t\t\t\t\t\t\t\t\t\t\t\t\t<\/div>\n\t\t\t\t<\/div>\n\t\t\t\t\t<\/div>\n\t\t<\/div>\n\t\t\t\t\t<\/div>\n\t\t<\/section>\n\t\t\t\t<section class=\"elementor-section elementor-top-section elementor-element elementor-element-0016bf0 elementor-section-full_width elementor-section-height-default elementor-section-height-default\" data-id=\"0016bf0\" data-element_type=\"section\" data-e-type=\"section\" data-settings=\"{&quot;background_background&quot;:&quot;classic&quot;}\">\n\t\t\t\t\t\t<div class=\"elementor-container elementor-column-gap-default\">\n\t\t\t\t\t<div class=\"elementor-column elementor-col-100 elementor-top-column elementor-element elementor-element-dafd056\" data-id=\"dafd056\" data-element_type=\"column\" data-e-type=\"column\">\n\t\t\t<div class=\"elementor-widget-wrap elementor-element-populated\">\n\t\t\t\t\t\t<section class=\"elementor-section elementor-inner-section elementor-element elementor-element-2727799 elementor-section-content-middle elementor-section-boxed elementor-section-height-default elementor-section-height-default\" data-id=\"2727799\" data-element_type=\"section\" data-e-type=\"section\">\n\t\t\t\t\t\t<div class=\"elementor-container elementor-column-gap-default\">\n\t\t\t\t\t<div class=\"elementor-column elementor-col-100 elementor-inner-column elementor-element elementor-element-598ed73\" data-id=\"598ed73\" data-element_type=\"column\" data-e-type=\"column\">\n\t\t\t<div class=\"elementor-widget-wrap elementor-element-populated\">\n\t\t\t\t\t\t<div class=\"elementor-element elementor-element-346cc49 elementor-widget elementor-widget-heading\" data-id=\"346cc49\" data-element_type=\"widget\" data-e-type=\"widget\" data-widget_type=\"heading.default\">\n\t\t\t\t<div class=\"elementor-widget-container\">\n\t\t\t\t\t<h3 class=\"elementor-heading-title elementor-size-default\">\u00c9viter les hospitalisations inutiles ou prolong\u00e9es.\n<\/h3>\t\t\t\t<\/div>\n\t\t\t\t<\/div>\n\t\t\t\t<div class=\"elementor-element elementor-element-cafa174 elementor-widget elementor-widget-text-editor\" data-id=\"cafa174\" data-element_type=\"widget\" data-e-type=\"widget\" data-widget_type=\"text-editor.default\">\n\t\t\t\t<div class=\"elementor-widget-container\">\n\t\t\t\t\t\t\t\t\t<p>L&rsquo;impact de la pand\u00e9mie de grippe aviaire est ressenti par tous. Elle nous oblige \u00e0 adapter nos habitudes. Surtout, elle exige des solutions nouvelles, intelligentes et fiables pour garantir la prise en charge des patients malades. La collaboration dans le cadre de ce projet pilote de t\u00e9l\u00e9surveillance nous permet de laisser les patients chez eux et de les laisser entrer ou sortir de l&rsquo;h\u00f4pital juste \u00e0 temps lorsque c&rsquo;est n\u00e9cessaire. Cela permettra d&rsquo;optimiser l&rsquo;utilisation des lits d&rsquo;h\u00f4pitaux et d&rsquo;all\u00e9ger la pression sur les prestataires de soins de sant\u00e9 (pneumologues, h\u00f4pitaux, m\u00e9decins g\u00e9n\u00e9ralistes, soins \u00e0 domicile&#8230;).<\/p>\n\t\t\t\t\t\t\t\t<\/div>\n\t\t\t\t<\/div>\n\t\t\t\t<div class=\"elementor-element elementor-element-3a7e800 elementor-widget elementor-widget-text-editor\" data-id=\"3a7e800\" data-element_type=\"widget\" data-e-type=\"widget\" data-widget_type=\"text-editor.default\">\n\t\t\t\t<div class=\"elementor-widget-container\">\n\t\t\t\t\t\t\t\t\t<p><strong><span style=\"color: #853d7b;\">Collaboration avec Byteflies<\/span><\/strong><br \/>Byteflies a mis au point un kit covidcare@home compos\u00e9 d&rsquo;un thermom\u00e8tre et d&rsquo;un moniteur de saturation avec mesure de la fr\u00e9quence cardiaque. Gr\u00e2ce \u00e0 l&rsquo;application, le patient peut \u00e9galement compter sa respiration. Avec ces quatre param\u00e8tres, nous avons parcouru un long chemin. Ces \u00e9l\u00e9ments sont cruciaux pour la surveillance des coronavirus et peuvent \u00eatre parfaitement contr\u00f4l\u00e9s \u00e0 domicile.<\/p>\n\t\t\t\t\t\t\t\t<\/div>\n\t\t\t\t<\/div>\n\t\t\t\t<div class=\"elementor-element elementor-element-52aef55 elementor-widget elementor-widget-text-editor\" data-id=\"52aef55\" data-element_type=\"widget\" data-e-type=\"widget\" data-widget_type=\"text-editor.default\">\n\t\t\t\t<div class=\"elementor-widget-container\">\n\t\t\t\t\t\t\t\t\t<p><strong><span style=\"color: #853d7b;\">Julie Wyffels, directrice g\u00e9n\u00e9rale Z-plus<\/span><\/strong><br \/>\u00ab\u00a0Il est rassurant pour le patient, sa famille et l&rsquo;\u00e9quipe soignante, o\u00f9 qu&rsquo;ils se trouvent, de savoir que l&rsquo;on peut \u00eatre correctement surveill\u00e9 \u00e0 domicile. Nous surveillons strictement les param\u00e8tres, y compris pour les h\u00f4pitaux s&rsquo;ils le souhaitent, de sorte que, si n\u00e9cessaire, nous puissions amener les patients \u00e0 l&rsquo;h\u00f4pital et les en faire sortir \u00e0 temps. Une belle collaboration hybride entre les soins \u00e0 distance et les soins \u00e0 domicile.<\/p>\n<p>Et gr\u00e2ce \u00e0 la coop\u00e9ration avec les soins infirmiers \u00e0 domicile, m\u00eame une personne qui n&rsquo;est pas tr\u00e8s dou\u00e9e pour les soins de sant\u00e9 est en mesure d&rsquo;obtenir des soins \u00e0 domicile.<br \/>la mesure des valeurs \u00e0 la maison, b\u00e9n\u00e9ficient d&rsquo;une aide suppl\u00e9mentaire. <\/p>\n\t\t\t\t\t\t\t\t<\/div>\n\t\t\t\t<\/div>\n\t\t\t\t<div class=\"elementor-element elementor-element-469cfb9 elementor-widget elementor-widget-text-editor\" data-id=\"469cfb9\" data-element_type=\"widget\" data-e-type=\"widget\" data-widget_type=\"text-editor.default\">\n\t\t\t\t<div class=\"elementor-widget-container\">\n\t\t\t\t\t\t\t\t\t<p><strong><span style=\"color: #853d7b;\">Karin Van Mossevelde, directrice g\u00e9n\u00e9rale d&rsquo;i-mens<\/span><\/strong><br \/>\u00ab\u00a0Les personnes qui ne peuvent pas assurer elles-m\u00eames le suivi peuvent faire appel aux soins infirmiers \u00e0 domicile. Mais il est \u00e9galement important d&rsquo;\u00e9tendre le projet aux soins \u00e0 domicile. Ce type de projets est crucial pour l&rsquo;avenir et pour la mani\u00e8re dont nous devons organiser les soins aujourd&rsquo;hui et demain. Il s&rsquo;agit de la premi\u00e8re \u00e9tape importante vers<br \/>la t\u00e9l\u00e9surveillance \u00e9galement en dehors de COVID\u00a0\u00bb.<\/p>\n\t\t\t\t\t\t\t\t<\/div>\n\t\t\t\t<\/div>\n\t\t\t\t\t<\/div>\n\t\t<\/div>\n\t\t\t\t\t<\/div>\n\t\t<\/section>\n\t\t\t\t\t<\/div>\n\t\t<\/div>\n\t\t\t\t\t<\/div>\n\t\t<\/section>\n\t\t\t\t<section class=\"elementor-section elementor-top-section elementor-element elementor-element-7f374b6 elementor-section-full_width elementor-section-height-default elementor-section-height-default\" data-id=\"7f374b6\" data-element_type=\"section\" data-e-type=\"section\" data-settings=\"{&quot;background_background&quot;:&quot;classic&quot;}\">\n\t\t\t\t\t\t<div class=\"elementor-container elementor-column-gap-default\">\n\t\t\t\t\t<div class=\"elementor-column elementor-col-100 elementor-top-column elementor-element elementor-element-1caddf6\" data-id=\"1caddf6\" data-element_type=\"column\" data-e-type=\"column\">\n\t\t\t<div class=\"elementor-widget-wrap elementor-element-populated\">\n\t\t\t\t\t\t<section class=\"elementor-section elementor-inner-section elementor-element elementor-element-ad5b759 elementor-section-content-middle elementor-section-boxed elementor-section-height-default elementor-section-height-default\" data-id=\"ad5b759\" data-element_type=\"section\" data-e-type=\"section\">\n\t\t\t\t\t\t<div class=\"elementor-container elementor-column-gap-default\">\n\t\t\t\t\t<div class=\"elementor-column elementor-col-50 elementor-inner-column elementor-element elementor-element-2d9c533\" data-id=\"2d9c533\" data-element_type=\"column\" data-e-type=\"column\">\n\t\t\t<div class=\"elementor-widget-wrap elementor-element-populated\">\n\t\t\t\t\t\t<div class=\"elementor-element elementor-element-c202ae8 elementor-widget elementor-widget-heading\" data-id=\"c202ae8\" data-element_type=\"widget\" data-e-type=\"widget\" data-widget_type=\"heading.default\">\n\t\t\t\t<div class=\"elementor-widget-container\">\n\t\t\t\t\t<h4 class=\"elementor-heading-title elementor-size-default\">Plus d'informations sur <br> Soins \u00e0 distance?<\/h4>\t\t\t\t<\/div>\n\t\t\t\t<\/div>\n\t\t\t\t<div class=\"elementor-element elementor-element-d9f3666 elementor-widget elementor-widget-text-editor\" data-id=\"d9f3666\" data-element_type=\"widget\" data-e-type=\"widget\" data-widget_type=\"text-editor.default\">\n\t\t\t\t<div class=\"elementor-widget-container\">\n\t\t\t\t\t\t\t\t\t<p><span class=\"fontstyle0\">Contactez-nous sans obligation.<\/span><\/p>\n\t\t\t\t\t\t\t\t<\/div>\n\t\t\t\t<\/div>\n\t\t\t\t<div class=\"elementor-element elementor-element-5eecafd elementor-widget elementor-widget-button\" data-id=\"5eecafd\" data-element_type=\"widget\" data-e-type=\"widget\" data-widget_type=\"button.default\">\n\t\t\t\t<div class=\"elementor-widget-container\">\n\t\t\t\t\t\t\t\t\t<div class=\"elementor-button-wrapper\">\n\t\t\t\t\t<a class=\"elementor-button elementor-button-link elementor-size-sm\" href=\"https:\/\/z-plus.be\/fr\/contact\/\">\n\t\t\t\t\t\t<span class=\"elementor-button-content-wrapper\">\n\t\t\t\t\t\t\t\t\t<span class=\"elementor-button-text\">Contact<\/span>\n\t\t\t\t\t<\/span>\n\t\t\t\t\t<\/a>\n\t\t\t\t<\/div>\n\t\t\t\t\t\t\t\t<\/div>\n\t\t\t\t<\/div>\n\t\t\t\t\t<\/div>\n\t\t<\/div>\n\t\t\t\t<div class=\"elementor-column elementor-col-50 elementor-inner-column elementor-element elementor-element-243fc47\" data-id=\"243fc47\" data-element_type=\"column\" data-e-type=\"column\">\n\t\t\t<div class=\"elementor-widget-wrap elementor-element-populated\">\n\t\t\t\t\t\t<div class=\"elementor-element elementor-element-fbe5f60 elementor-widget elementor-widget-image\" data-id=\"fbe5f60\" data-element_type=\"widget\" data-e-type=\"widget\" id=\"bereikbaarheid\" data-widget_type=\"image.default\">\n\t\t\t\t<div class=\"elementor-widget-container\">\n\t\t\t\t\t\t\t\t\t\t\t\t\t\t\t\t<a href=\"https:\/\/z-plus.be\/nieuws\/\">\n\t\t\t\t\t\t\t<img decoding=\"async\" width=\"304\" height=\"300\" src=\"https:\/\/z-plus.be\/wp-content\/uploads\/2023\/02\/z-plus-logo.png\" class=\"attachment-large size-large wp-image-413\" alt=\"\" srcset=\"https:\/\/z-plus.be\/wp-content\/uploads\/2023\/02\/z-plus-logo.png 304w, https:\/\/z-plus.be\/wp-content\/uploads\/2023\/02\/z-plus-logo-300x296.png 300w\" sizes=\"(max-width: 304px) 100vw, 304px\" \/>\t\t\t\t\t\t\t\t<\/a>\n\t\t\t\t\t\t\t\t\t\t\t\t\t\t\t<\/div>\n\t\t\t\t<\/div>\n\t\t\t\t\t<\/div>\n\t\t<\/div>\n\t\t\t\t\t<\/div>\n\t\t<\/section>\n\t\t\t\t\t<\/div>\n\t\t<\/div>\n\t\t\t\t\t<\/div>\n\t\t<\/section>\n\t\t\t\t<section class=\"elementor-section elementor-top-section elementor-element elementor-element-9c7bd7f elementor-section-boxed elementor-section-height-default elementor-section-height-default\" data-id=\"9c7bd7f\" data-element_type=\"section\" data-e-type=\"section\">\n\t\t\t\t\t\t<div class=\"elementor-container elementor-column-gap-default\">\n\t\t\t\t\t<div class=\"elementor-column elementor-col-100 elementor-top-column elementor-element elementor-element-5a07e23\" data-id=\"5a07e23\" data-element_type=\"column\" data-e-type=\"column\">\n\t\t\t<div class=\"elementor-widget-wrap elementor-element-populated\">\n\t\t\t\t\t\t<div class=\"elementor-element elementor-element-ae8540c elementor-widget elementor-widget-spacer\" data-id=\"ae8540c\" data-element_type=\"widget\" data-e-type=\"widget\" data-widget_type=\"spacer.default\">\n\t\t\t\t<div class=\"elementor-widget-container\">\n\t\t\t\t\t\t\t<div class=\"elementor-spacer\">\n\t\t\t<div class=\"elementor-spacer-inner\"><\/div>\n\t\t<\/div>\n\t\t\t\t\t\t<\/div>\n\t\t\t\t<\/div>\n\t\t\t\t\t<\/div>\n\t\t<\/div>\n\t\t\t\t\t<\/div>\n\t\t<\/section>\n\t\t\t\t<\/div>\n\t\t","protected":false},"excerpt":{"rendered":"<p>Soins \u00e0 distance Covidcare@home Covidcare@home permet le suivi \u00e0 domicile des patients atteints de COVID-19 par t\u00e9l\u00e9surveillance. Ce forfait est propos\u00e9 par la soci\u00e9t\u00e9 Byteflies. \u00c9viter les hospitalisations inutiles ou prolong\u00e9es. L&rsquo;impact de la pand\u00e9mie de grippe aviaire est ressenti par tous. Elle nous oblige \u00e0 adapter nos habitudes. Surtout, elle exige des solutions nouvelles, [&hellip;]<\/p>\n","protected":false},"author":2,"featured_media":0,"parent":0,"menu_order":0,"comment_status":"closed","ping_status":"closed","template":"elementor_header_footer","meta":{"footnotes":""},"class_list":["post-523","page","type-page","status-publish","hentry"],"yoast_head":"<!-- This site is optimized with the Yoast SEO plugin v27.2 - https:\/\/yoast.com\/product\/yoast-seo-wordpress\/ -->\n<title>Covidcare@home - Z Plus<\/title>\n<meta name=\"robots\" content=\"index, follow, max-snippet:-1, max-image-preview:large, max-video-preview:-1\" \/>\n<link rel=\"canonical\" href=\"https:\/\/z-plus.be\/fr\/covidcarehome\/\" \/>\n<meta property=\"og:locale\" content=\"fr_FR\" \/>\n<meta property=\"og:type\" content=\"article\" \/>\n<meta property=\"og:title\" content=\"Covidcare@home - Z Plus\" \/>\n<meta property=\"og:description\" content=\"Soins \u00e0 distance Covidcare@home Covidcare@home permet le suivi \u00e0 domicile des patients atteints de COVID-19 par t\u00e9l\u00e9surveillance. Ce forfait est propos\u00e9 par la soci\u00e9t\u00e9 Byteflies. \u00c9viter les hospitalisations inutiles ou prolong\u00e9es. L&rsquo;impact de la pand\u00e9mie de grippe aviaire est ressenti par tous. Elle nous oblige \u00e0 adapter nos habitudes. Surtout, elle exige des solutions nouvelles, [&hellip;]\" \/>\n<meta property=\"og:url\" content=\"https:\/\/z-plus.be\/fr\/covidcarehome\/\" \/>\n<meta property=\"og:site_name\" content=\"Z Plus\" \/>\n<meta property=\"article:modified_time\" content=\"2023-05-17T15:08:41+00:00\" \/>\n<meta property=\"og:image\" content=\"https:\/\/z-plus.be\/wp-content\/uploads\/2023\/04\/Diabetes-blog.png\" \/>\n<meta name=\"twitter:card\" content=\"summary_large_image\" \/>\n<meta name=\"twitter:label1\" content=\"Dur\u00e9e de lecture estim\u00e9e\" \/>\n\t<meta name=\"twitter:data1\" content=\"2 minutes\" \/>\n<script type=\"application\/ld+json\" class=\"yoast-schema-graph\">{\"@context\":\"https:\/\/schema.org\",\"@graph\":[{\"@type\":\"WebPage\",\"@id\":\"https:\/\/z-plus.be\/fr\/covidcarehome\/\",\"url\":\"https:\/\/z-plus.be\/fr\/covidcarehome\/\",\"name\":\"Covidcare@home - Z Plus\",\"isPartOf\":{\"@id\":\"https:\/\/z-plus.be\/fr\/#website\"},\"primaryImageOfPage\":{\"@id\":\"https:\/\/z-plus.be\/fr\/covidcarehome\/#primaryimage\"},\"image\":{\"@id\":\"https:\/\/z-plus.be\/fr\/covidcarehome\/#primaryimage\"},\"thumbnailUrl\":\"https:\/\/z-plus.be\/wp-content\/uploads\/2023\/04\/Diabetes-blog.png\",\"datePublished\":\"2023-04-21T16:31:34+00:00\",\"dateModified\":\"2023-05-17T15:08:41+00:00\",\"breadcrumb\":{\"@id\":\"https:\/\/z-plus.be\/fr\/covidcarehome\/#breadcrumb\"},\"inLanguage\":\"fr-FR\",\"potentialAction\":[{\"@type\":\"ReadAction\",\"target\":[\"https:\/\/z-plus.be\/fr\/covidcarehome\/\"]}]},{\"@type\":\"ImageObject\",\"inLanguage\":\"fr-FR\",\"@id\":\"https:\/\/z-plus.be\/fr\/covidcarehome\/#primaryimage\",\"url\":\"https:\/\/z-plus.be\/wp-content\/uploads\/2023\/04\/Diabetes-blog.png\",\"contentUrl\":\"https:\/\/z-plus.be\/wp-content\/uploads\/2023\/04\/Diabetes-blog.png\"},{\"@type\":\"BreadcrumbList\",\"@id\":\"https:\/\/z-plus.be\/fr\/covidcarehome\/#breadcrumb\",\"itemListElement\":[{\"@type\":\"ListItem\",\"position\":1,\"name\":\"Home\",\"item\":\"https:\/\/z-plus.be\/fr\/\"},{\"@type\":\"ListItem\",\"position\":2,\"name\":\"Covidcare@home\"}]},{\"@type\":\"WebSite\",\"@id\":\"https:\/\/z-plus.be\/fr\/#website\",\"url\":\"https:\/\/z-plus.be\/fr\/\",\"name\":\"Z Plus\",\"description\":\"Zorg op afstand\",\"publisher\":{\"@id\":\"https:\/\/z-plus.be\/fr\/#organization\"},\"potentialAction\":[{\"@type\":\"SearchAction\",\"target\":{\"@type\":\"EntryPoint\",\"urlTemplate\":\"https:\/\/z-plus.be\/fr\/?s={search_term_string}\"},\"query-input\":{\"@type\":\"PropertyValueSpecification\",\"valueRequired\":true,\"valueName\":\"search_term_string\"}}],\"inLanguage\":\"fr-FR\"},{\"@type\":\"Organization\",\"@id\":\"https:\/\/z-plus.be\/fr\/#organization\",\"name\":\"Z Plus\",\"url\":\"https:\/\/z-plus.be\/fr\/\",\"logo\":{\"@type\":\"ImageObject\",\"inLanguage\":\"fr-FR\",\"@id\":\"https:\/\/z-plus.be\/fr\/#\/schema\/logo\/image\/\",\"url\":\"https:\/\/z-plus.be\/wp-content\/uploads\/2023\/02\/z-plus-logo.png\",\"contentUrl\":\"https:\/\/z-plus.be\/wp-content\/uploads\/2023\/02\/z-plus-logo.png\",\"width\":304,\"height\":300,\"caption\":\"Z Plus\"},\"image\":{\"@id\":\"https:\/\/z-plus.be\/fr\/#\/schema\/logo\/image\/\"}}]}<\/script>\n<!-- \/ Yoast SEO plugin. -->","yoast_head_json":{"title":"Covidcare@home - Z Plus","robots":{"index":"index","follow":"follow","max-snippet":"max-snippet:-1","max-image-preview":"max-image-preview:large","max-video-preview":"max-video-preview:-1"},"canonical":"https:\/\/z-plus.be\/fr\/covidcarehome\/","og_locale":"fr_FR","og_type":"article","og_title":"Covidcare@home - Z Plus","og_description":"Soins \u00e0 distance Covidcare@home Covidcare@home permet le suivi \u00e0 domicile des patients atteints de COVID-19 par t\u00e9l\u00e9surveillance. Ce forfait est propos\u00e9 par la soci\u00e9t\u00e9 Byteflies. \u00c9viter les hospitalisations inutiles ou prolong\u00e9es. L&rsquo;impact de la pand\u00e9mie de grippe aviaire est ressenti par tous. Elle nous oblige \u00e0 adapter nos habitudes. Surtout, elle exige des solutions nouvelles, [&hellip;]","og_url":"https:\/\/z-plus.be\/fr\/covidcarehome\/","og_site_name":"Z Plus","article_modified_time":"2023-05-17T15:08:41+00:00","og_image":[{"url":"https:\/\/z-plus.be\/wp-content\/uploads\/2023\/04\/Diabetes-blog.png","type":"","width":"","height":""}],"twitter_card":"summary_large_image","twitter_misc":{"Dur\u00e9e de lecture estim\u00e9e":"2 minutes"},"schema":{"@context":"https:\/\/schema.org","@graph":[{"@type":"WebPage","@id":"https:\/\/z-plus.be\/fr\/covidcarehome\/","url":"https:\/\/z-plus.be\/fr\/covidcarehome\/","name":"Covidcare@home - Z Plus","isPartOf":{"@id":"https:\/\/z-plus.be\/fr\/#website"},"primaryImageOfPage":{"@id":"https:\/\/z-plus.be\/fr\/covidcarehome\/#primaryimage"},"image":{"@id":"https:\/\/z-plus.be\/fr\/covidcarehome\/#primaryimage"},"thumbnailUrl":"https:\/\/z-plus.be\/wp-content\/uploads\/2023\/04\/Diabetes-blog.png","datePublished":"2023-04-21T16:31:34+00:00","dateModified":"2023-05-17T15:08:41+00:00","breadcrumb":{"@id":"https:\/\/z-plus.be\/fr\/covidcarehome\/#breadcrumb"},"inLanguage":"fr-FR","potentialAction":[{"@type":"ReadAction","target":["https:\/\/z-plus.be\/fr\/covidcarehome\/"]}]},{"@type":"ImageObject","inLanguage":"fr-FR","@id":"https:\/\/z-plus.be\/fr\/covidcarehome\/#primaryimage","url":"https:\/\/z-plus.be\/wp-content\/uploads\/2023\/04\/Diabetes-blog.png","contentUrl":"https:\/\/z-plus.be\/wp-content\/uploads\/2023\/04\/Diabetes-blog.png"},{"@type":"BreadcrumbList","@id":"https:\/\/z-plus.be\/fr\/covidcarehome\/#breadcrumb","itemListElement":[{"@type":"ListItem","position":1,"name":"Home","item":"https:\/\/z-plus.be\/fr\/"},{"@type":"ListItem","position":2,"name":"Covidcare@home"}]},{"@type":"WebSite","@id":"https:\/\/z-plus.be\/fr\/#website","url":"https:\/\/z-plus.be\/fr\/","name":"Z Plus","description":"Zorg op afstand","publisher":{"@id":"https:\/\/z-plus.be\/fr\/#organization"},"potentialAction":[{"@type":"SearchAction","target":{"@type":"EntryPoint","urlTemplate":"https:\/\/z-plus.be\/fr\/?s={search_term_string}"},"query-input":{"@type":"PropertyValueSpecification","valueRequired":true,"valueName":"search_term_string"}}],"inLanguage":"fr-FR"},{"@type":"Organization","@id":"https:\/\/z-plus.be\/fr\/#organization","name":"Z Plus","url":"https:\/\/z-plus.be\/fr\/","logo":{"@type":"ImageObject","inLanguage":"fr-FR","@id":"https:\/\/z-plus.be\/fr\/#\/schema\/logo\/image\/","url":"https:\/\/z-plus.be\/wp-content\/uploads\/2023\/02\/z-plus-logo.png","contentUrl":"https:\/\/z-plus.be\/wp-content\/uploads\/2023\/02\/z-plus-logo.png","width":304,"height":300,"caption":"Z Plus"},"image":{"@id":"https:\/\/z-plus.be\/fr\/#\/schema\/logo\/image\/"}}]}},"_links":{"self":[{"href":"https:\/\/z-plus.be\/fr\/wp-json\/wp\/v2\/pages\/523","targetHints":{"allow":["GET"]}}],"collection":[{"href":"https:\/\/z-plus.be\/fr\/wp-json\/wp\/v2\/pages"}],"about":[{"href":"https:\/\/z-plus.be\/fr\/wp-json\/wp\/v2\/types\/page"}],"author":[{"embeddable":true,"href":"https:\/\/z-plus.be\/fr\/wp-json\/wp\/v2\/users\/2"}],"replies":[{"embeddable":true,"href":"https:\/\/z-plus.be\/fr\/wp-json\/wp\/v2\/comments?post=523"}],"version-history":[{"count":1,"href":"https:\/\/z-plus.be\/fr\/wp-json\/wp\/v2\/pages\/523\/revisions"}],"predecessor-version":[{"id":524,"href":"https:\/\/z-plus.be\/fr\/wp-json\/wp\/v2\/pages\/523\/revisions\/524"}],"wp:attachment":[{"href":"https:\/\/z-plus.be\/fr\/wp-json\/wp\/v2\/media?parent=523"}],"curies":[{"name":"wp","href":"https:\/\/api.w.org\/{rel}","templated":true}]}}