{"id":531,"date":"2023-04-21T14:55:58","date_gmt":"2023-04-21T14:55:58","guid":{"rendered":"https:\/\/z-plus.be\/actualites\/"},"modified":"2023-07-11T20:57:32","modified_gmt":"2023-07-11T20:57:32","slug":"actualites","status":"publish","type":"page","link":"https:\/\/z-plus.be\/fr\/actualites\/","title":{"rendered":"Actualit\u00e9s"},"content":{"rendered":"\t\t<div data-elementor-type=\"wp-page\" data-elementor-id=\"531\" class=\"elementor elementor-531 elementor-193\" data-elementor-post-type=\"page\">\n\t\t\t\t\t\t<section class=\"elementor-section elementor-top-section elementor-element elementor-element-95554b5 elementor-section-full_width elementor-section-height-default elementor-section-height-default\" data-id=\"95554b5\" data-element_type=\"section\" data-e-type=\"section\" data-settings=\"{&quot;background_background&quot;:&quot;classic&quot;}\">\n\t\t\t\t\t\t<div class=\"elementor-container elementor-column-gap-default\">\n\t\t\t\t\t<div class=\"elementor-column elementor-col-100 elementor-top-column elementor-element elementor-element-3068101\" data-id=\"3068101\" data-element_type=\"column\" data-e-type=\"column\">\n\t\t\t<div class=\"elementor-widget-wrap elementor-element-populated\">\n\t\t\t\t\t\t<div class=\"elementor-element elementor-element-64d8138 elementor-widget elementor-widget-heading\" data-id=\"64d8138\" data-element_type=\"widget\" data-e-type=\"widget\" data-widget_type=\"heading.default\">\n\t\t\t\t<div class=\"elementor-widget-container\">\n\t\t\t\t\t<h3 class=\"elementor-heading-title elementor-size-default\">Vous \u00eates curieux de conna\u00eetre l'actualit\u00e9 de Z-plus?<\/h3>\t\t\t\t<\/div>\n\t\t\t\t<\/div>\n\t\t\t\t<div class=\"elementor-element elementor-element-3f1efae elementor-widget elementor-widget-text-editor\" data-id=\"3f1efae\" data-element_type=\"widget\" data-e-type=\"widget\" data-widget_type=\"text-editor.default\">\n\t\t\t\t<div class=\"elementor-widget-container\">\n\t\t\t\t\t\t\t\t\t<p>Nous pr\u00e9sentons quelques cas.<\/p>\n\t\t\t\t\t\t\t\t<\/div>\n\t\t\t\t<\/div>\n\t\t\t\t\t<\/div>\n\t\t<\/div>\n\t\t\t\t\t<\/div>\n\t\t<\/section>\n\t\t\t\t<section class=\"elementor-section elementor-top-section elementor-element elementor-element-0016bf0 elementor-section-full_width elementor-section-height-default elementor-section-height-default\" data-id=\"0016bf0\" data-element_type=\"section\" data-e-type=\"section\" data-settings=\"{&quot;background_background&quot;:&quot;classic&quot;}\">\n\t\t\t\t\t\t<div class=\"elementor-container elementor-column-gap-default\">\n\t\t\t\t\t<div class=\"elementor-column elementor-col-33 elementor-top-column elementor-element elementor-element-dafd056\" data-id=\"dafd056\" data-element_type=\"column\" data-e-type=\"column\">\n\t\t\t<div class=\"elementor-widget-wrap elementor-element-populated\">\n\t\t\t\t\t\t<div class=\"elementor-element elementor-element-55ef081 elementor-widget elementor-widget-image\" data-id=\"55ef081\" data-element_type=\"widget\" data-e-type=\"widget\" data-widget_type=\"image.default\">\n\t\t\t\t<div class=\"elementor-widget-container\">\n\t\t\t\t\t\t\t\t\t\t\t\t\t\t\t<img fetchpriority=\"high\" decoding=\"async\" width=\"800\" height=\"450\" src=\"https:\/\/z-plus.be\/wp-content\/uploads\/2023\/04\/Halle-1024x576.png\" class=\"attachment-large size-large wp-image-445\" alt=\"\" srcset=\"https:\/\/z-plus.be\/wp-content\/uploads\/2023\/04\/Halle-1024x576.png 1024w, https:\/\/z-plus.be\/wp-content\/uploads\/2023\/04\/Halle-300x169.png 300w, https:\/\/z-plus.be\/wp-content\/uploads\/2023\/04\/Halle-768x432.png 768w, https:\/\/z-plus.be\/wp-content\/uploads\/2023\/04\/Halle.png 1366w\" sizes=\"(max-width: 800px) 100vw, 800px\" \/>\t\t\t\t\t\t\t\t\t\t\t\t\t\t\t<\/div>\n\t\t\t\t<\/div>\n\t\t\t\t<div class=\"elementor-element elementor-element-dd6bbc0 elementor-widget elementor-widget-button\" data-id=\"dd6bbc0\" data-element_type=\"widget\" data-e-type=\"widget\" data-widget_type=\"button.default\">\n\t\t\t\t<div class=\"elementor-widget-container\">\n\t\t\t\t\t\t\t\t\t<div class=\"elementor-button-wrapper\">\n\t\t\t\t\t<a class=\"elementor-button elementor-button-link elementor-size-sm\" href=\"https:\/\/z-plus.be\/fr\/incendie-a-halle\/\">\n\t\t\t\t\t\t<span class=\"elementor-button-content-wrapper\">\n\t\t\t\t\t\t\t\t\t<span class=\"elementor-button-text\">Z+ Alarme<\/span>\n\t\t\t\t\t<\/span>\n\t\t\t\t\t<\/a>\n\t\t\t\t<\/div>\n\t\t\t\t\t\t\t\t<\/div>\n\t\t\t\t<\/div>\n\t\t\t\t<div class=\"elementor-element elementor-element-85efc03 elementor-widget elementor-widget-heading\" data-id=\"85efc03\" data-element_type=\"widget\" data-e-type=\"widget\" data-widget_type=\"heading.default\">\n\t\t\t\t<div class=\"elementor-widget-container\">\n\t\t\t\t\t<h4 class=\"elementor-heading-title elementor-size-default\">Incendie \u00e0 Halle<\/h4>\t\t\t\t<\/div>\n\t\t\t\t<\/div>\n\t\t\t\t<div class=\"elementor-element elementor-element-da690eb elementor-widget elementor-widget-text-editor\" data-id=\"da690eb\" data-element_type=\"widget\" data-e-type=\"widget\" data-widget_type=\"text-editor.default\">\n\t\t\t\t<div class=\"elementor-widget-container\">\n\t\t\t\t\t\t\t\t\t<p>Un incendie s&rsquo;est d\u00e9clar\u00e9 dans des logements sociaux \u00e0 Halle le 1er avril. Les r\u00e9sidents ne peuvent pas rentrer chez eux imm\u00e9diatement.<\/p>\n<p>Certains d&rsquo;entre eux seront h\u00e9berg\u00e9s dans un h\u00f4tel. Gr\u00e2ce \u00e0 une alarme de personnes connect\u00e9e \u00e0 Z-plus, ils peuvent toujours donner l&rsquo;alerte si quelque chose ne va pas.<\/p>\n\t\t\t\t\t\t\t\t<\/div>\n\t\t\t\t<\/div>\n\t\t\t\t<div class=\"elementor-element elementor-element-1005bac elementor-widget elementor-widget-button\" data-id=\"1005bac\" data-element_type=\"widget\" data-e-type=\"widget\" data-widget_type=\"button.default\">\n\t\t\t\t<div class=\"elementor-widget-container\">\n\t\t\t\t\t\t\t\t\t<div class=\"elementor-button-wrapper\">\n\t\t\t\t\t<a class=\"elementor-button elementor-button-link elementor-size-sm\" href=\"https:\/\/z-plus.be\/fr\/incendie-a-halle\/\">\n\t\t\t\t\t\t<span class=\"elementor-button-content-wrapper\">\n\t\t\t\t\t\t\t\t\t<span class=\"elementor-button-text\">EN SAVOIR PLUS<\/span>\n\t\t\t\t\t<\/span>\n\t\t\t\t\t<\/a>\n\t\t\t\t<\/div>\n\t\t\t\t\t\t\t\t<\/div>\n\t\t\t\t<\/div>\n\t\t\t\t\t<\/div>\n\t\t<\/div>\n\t\t\t\t<div class=\"elementor-column elementor-col-33 elementor-top-column elementor-element elementor-element-23c6fb5\" data-id=\"23c6fb5\" data-element_type=\"column\" data-e-type=\"column\">\n\t\t\t<div class=\"elementor-widget-wrap elementor-element-populated\">\n\t\t\t\t\t\t<div class=\"elementor-element elementor-element-da80149 elementor-widget elementor-widget-image\" data-id=\"da80149\" data-element_type=\"widget\" data-e-type=\"widget\" data-widget_type=\"image.default\">\n\t\t\t\t<div class=\"elementor-widget-container\">\n\t\t\t\t\t\t\t\t\t\t\t\t\t\t\t<img decoding=\"async\" width=\"800\" height=\"450\" src=\"https:\/\/z-plus.be\/wp-content\/uploads\/2023\/04\/Diabetes-1024x576.png\" class=\"attachment-large size-large wp-image-443\" alt=\"\" srcset=\"https:\/\/z-plus.be\/wp-content\/uploads\/2023\/04\/Diabetes-1024x576.png 1024w, https:\/\/z-plus.be\/wp-content\/uploads\/2023\/04\/Diabetes-300x169.png 300w, https:\/\/z-plus.be\/wp-content\/uploads\/2023\/04\/Diabetes-768x432.png 768w, https:\/\/z-plus.be\/wp-content\/uploads\/2023\/04\/Diabetes.png 1366w\" sizes=\"(max-width: 800px) 100vw, 800px\" \/>\t\t\t\t\t\t\t\t\t\t\t\t\t\t\t<\/div>\n\t\t\t\t<\/div>\n\t\t\t\t<div class=\"elementor-element elementor-element-96e862d elementor-widget elementor-widget-button\" data-id=\"96e862d\" data-element_type=\"widget\" data-e-type=\"widget\" data-widget_type=\"button.default\">\n\t\t\t\t<div class=\"elementor-widget-container\">\n\t\t\t\t\t\t\t\t\t<div class=\"elementor-button-wrapper\">\n\t\t\t\t\t<a class=\"elementor-button elementor-button-link elementor-size-sm\" href=\"https:\/\/z-plus.be\/fr\/parcours-de-soins-hybrides-diabete-de-type-2\/\">\n\t\t\t\t\t\t<span class=\"elementor-button-content-wrapper\">\n\t\t\t\t\t\t\t\t\t<span class=\"elementor-button-text\">Soins \u00e0 distance<\/span>\n\t\t\t\t\t<\/span>\n\t\t\t\t\t<\/a>\n\t\t\t\t<\/div>\n\t\t\t\t\t\t\t\t<\/div>\n\t\t\t\t<\/div>\n\t\t\t\t<div class=\"elementor-element elementor-element-2d2f8cc elementor-widget elementor-widget-heading\" data-id=\"2d2f8cc\" data-element_type=\"widget\" data-e-type=\"widget\" data-widget_type=\"heading.default\">\n\t\t\t\t<div class=\"elementor-widget-container\">\n\t\t\t\t\t<h4 class=\"elementor-heading-title elementor-size-default\">Parcours de soins hybride <br> le diab\u00e8te de type 2 \n\n<\/h4>\t\t\t\t<\/div>\n\t\t\t\t<\/div>\n\t\t\t\t<div class=\"elementor-element elementor-element-aa16122 elementor-widget elementor-widget-text-editor\" data-id=\"aa16122\" data-element_type=\"widget\" data-e-type=\"widget\" data-widget_type=\"text-editor.default\">\n\t\t\t\t<div class=\"elementor-widget-container\">\n\t\t\t\t\t\t\t\t\t<p>Un meilleur suivi est essentiel pour promouvoir la sant\u00e9 des personnes atteintes de diab\u00e8te et r\u00e9duire les co\u00fbts sociaux. En collaboration avec plusieurs partenaires, i-man lance un essai clinique visant \u00e0 enrichir l&rsquo;\u00e9ducation au diab\u00e8te par la t\u00e9l\u00e9surveillance et les soins \u00e0 distance, afin d&rsquo;am\u00e9liorer ce suivi.<\/p>\n\t\t\t\t\t\t\t\t<\/div>\n\t\t\t\t<\/div>\n\t\t\t\t<div class=\"elementor-element elementor-element-46a1778 elementor-widget elementor-widget-button\" data-id=\"46a1778\" data-element_type=\"widget\" data-e-type=\"widget\" data-widget_type=\"button.default\">\n\t\t\t\t<div class=\"elementor-widget-container\">\n\t\t\t\t\t\t\t\t\t<div class=\"elementor-button-wrapper\">\n\t\t\t\t\t<a class=\"elementor-button elementor-button-link elementor-size-sm\" href=\"https:\/\/z-plus.be\/fr\/parcours-de-soins-hybrides-diabete-de-type-2\/\">\n\t\t\t\t\t\t<span class=\"elementor-button-content-wrapper\">\n\t\t\t\t\t\t\t\t\t<span class=\"elementor-button-text\">EN SAVOIR PLUS<\/span>\n\t\t\t\t\t<\/span>\n\t\t\t\t\t<\/a>\n\t\t\t\t<\/div>\n\t\t\t\t\t\t\t\t<\/div>\n\t\t\t\t<\/div>\n\t\t\t\t\t<\/div>\n\t\t<\/div>\n\t\t\t\t<div class=\"elementor-column elementor-col-33 elementor-top-column elementor-element elementor-element-3bb5619\" data-id=\"3bb5619\" data-element_type=\"column\" data-e-type=\"column\">\n\t\t\t<div class=\"elementor-widget-wrap elementor-element-populated\">\n\t\t\t\t\t\t<div class=\"elementor-element elementor-element-45d15b9 elementor-widget elementor-widget-image\" data-id=\"45d15b9\" data-element_type=\"widget\" data-e-type=\"widget\" data-widget_type=\"image.default\">\n\t\t\t\t<div class=\"elementor-widget-container\">\n\t\t\t\t\t\t\t\t\t\t\t\t\t\t\t<img decoding=\"async\" width=\"800\" height=\"450\" src=\"https:\/\/z-plus.be\/wp-content\/uploads\/2023\/04\/Covid-1024x576.png\" class=\"attachment-large size-large wp-image-441\" alt=\"\" srcset=\"https:\/\/z-plus.be\/wp-content\/uploads\/2023\/04\/Covid-1024x576.png 1024w, https:\/\/z-plus.be\/wp-content\/uploads\/2023\/04\/Covid-300x169.png 300w, https:\/\/z-plus.be\/wp-content\/uploads\/2023\/04\/Covid-768x432.png 768w, https:\/\/z-plus.be\/wp-content\/uploads\/2023\/04\/Covid.png 1366w\" sizes=\"(max-width: 800px) 100vw, 800px\" \/>\t\t\t\t\t\t\t\t\t\t\t\t\t\t\t<\/div>\n\t\t\t\t<\/div>\n\t\t\t\t<div class=\"elementor-element elementor-element-badf758 elementor-widget elementor-widget-button\" data-id=\"badf758\" data-element_type=\"widget\" data-e-type=\"widget\" data-widget_type=\"button.default\">\n\t\t\t\t<div class=\"elementor-widget-container\">\n\t\t\t\t\t\t\t\t\t<div class=\"elementor-button-wrapper\">\n\t\t\t\t\t<a class=\"elementor-button elementor-button-link elementor-size-sm\" href=\"\/Covidcare@home\">\n\t\t\t\t\t\t<span class=\"elementor-button-content-wrapper\">\n\t\t\t\t\t\t\t\t\t<span class=\"elementor-button-text\">Soins \u00e0 distance<\/span>\n\t\t\t\t\t<\/span>\n\t\t\t\t\t<\/a>\n\t\t\t\t<\/div>\n\t\t\t\t\t\t\t\t<\/div>\n\t\t\t\t<\/div>\n\t\t\t\t<div class=\"elementor-element elementor-element-1e2253c elementor-widget elementor-widget-heading\" data-id=\"1e2253c\" data-element_type=\"widget\" data-e-type=\"widget\" data-widget_type=\"heading.default\">\n\t\t\t\t<div class=\"elementor-widget-container\">\n\t\t\t\t\t<h4 class=\"elementor-heading-title elementor-size-default\">Covidcare@home<\/h4>\t\t\t\t<\/div>\n\t\t\t\t<\/div>\n\t\t\t\t<div class=\"elementor-element elementor-element-adf7801 elementor-widget elementor-widget-text-editor\" data-id=\"adf7801\" data-element_type=\"widget\" data-e-type=\"widget\" data-widget_type=\"text-editor.default\">\n\t\t\t\t<div class=\"elementor-widget-container\">\n\t\t\t\t\t\t\t\t\t<p>Les \u00e9pid\u00e9mies successives de COVID-19 ont entra\u00een\u00e9 une augmentation consid\u00e9rable du nombre de patients, ce qui a exerc\u00e9 une pression \u00e9norme sur le syst\u00e8me de sant\u00e9. La pression extr\u00eame exerc\u00e9e sur les h\u00f4pitaux a emp\u00each\u00e9 de nombreux patients de recevoir les soins m\u00e9dicaux dont ils avaient besoin. Z-plus a apport\u00e9 le soutien n\u00e9cessaire aux prestataires de soins de sant\u00e9 belges.<\/p>\n\t\t\t\t\t\t\t\t<\/div>\n\t\t\t\t<\/div>\n\t\t\t\t<div class=\"elementor-element elementor-element-d9600b0 elementor-widget elementor-widget-button\" data-id=\"d9600b0\" data-element_type=\"widget\" data-e-type=\"widget\" data-widget_type=\"button.default\">\n\t\t\t\t<div class=\"elementor-widget-container\">\n\t\t\t\t\t\t\t\t\t<div class=\"elementor-button-wrapper\">\n\t\t\t\t\t<a class=\"elementor-button elementor-button-link elementor-size-sm\" href=\"\/Covidcare@home\">\n\t\t\t\t\t\t<span class=\"elementor-button-content-wrapper\">\n\t\t\t\t\t\t\t\t\t<span class=\"elementor-button-text\">EN SAVOIR PLUS<\/span>\n\t\t\t\t\t<\/span>\n\t\t\t\t\t<\/a>\n\t\t\t\t<\/div>\n\t\t\t\t\t\t\t\t<\/div>\n\t\t\t\t<\/div>\n\t\t\t\t\t<\/div>\n\t\t<\/div>\n\t\t\t\t\t<\/div>\n\t\t<\/section>\n\t\t\t\t<section class=\"elementor-section elementor-top-section elementor-element elementor-element-b4c9256 elementor-section-boxed elementor-section-height-default elementor-section-height-default\" data-id=\"b4c9256\" data-element_type=\"section\" data-e-type=\"section\">\n\t\t\t\t\t\t<div class=\"elementor-container elementor-column-gap-default\">\n\t\t\t\t\t<div class=\"elementor-column elementor-col-100 elementor-top-column elementor-element elementor-element-d17825a\" data-id=\"d17825a\" data-element_type=\"column\" data-e-type=\"column\">\n\t\t\t<div class=\"elementor-widget-wrap elementor-element-populated\">\n\t\t\t\t\t\t<div class=\"elementor-element elementor-element-4afccda elementor-widget elementor-widget-spacer\" data-id=\"4afccda\" data-element_type=\"widget\" data-e-type=\"widget\" data-widget_type=\"spacer.default\">\n\t\t\t\t<div class=\"elementor-widget-container\">\n\t\t\t\t\t\t\t<div class=\"elementor-spacer\">\n\t\t\t<div class=\"elementor-spacer-inner\"><\/div>\n\t\t<\/div>\n\t\t\t\t\t\t<\/div>\n\t\t\t\t<\/div>\n\t\t\t\t\t<\/div>\n\t\t<\/div>\n\t\t\t\t\t<\/div>\n\t\t<\/section>\n\t\t\t\t<\/div>\n\t\t","protected":false},"excerpt":{"rendered":"<p>Vous \u00eates curieux de conna\u00eetre l&rsquo;actualit\u00e9 de Z-plus? Nous pr\u00e9sentons quelques cas. Z+ Alarme Incendie \u00e0 Halle Un incendie s&rsquo;est d\u00e9clar\u00e9 dans des logements sociaux \u00e0 Halle le 1er avril. Les r\u00e9sidents ne peuvent pas rentrer chez eux imm\u00e9diatement. Certains d&rsquo;entre eux seront h\u00e9berg\u00e9s dans un h\u00f4tel. Gr\u00e2ce \u00e0 une alarme de personnes connect\u00e9e \u00e0 [&hellip;]<\/p>\n","protected":false},"author":2,"featured_media":0,"parent":0,"menu_order":0,"comment_status":"closed","ping_status":"closed","template":"elementor_header_footer","meta":{"footnotes":""},"class_list":["post-531","page","type-page","status-publish","hentry"],"yoast_head":"<!-- This site is optimized with the Yoast SEO plugin v27.2 - https:\/\/yoast.com\/product\/yoast-seo-wordpress\/ -->\n<title>Actualit\u00e9s - Z Plus<\/title>\n<meta name=\"robots\" content=\"index, follow, max-snippet:-1, max-image-preview:large, max-video-preview:-1\" \/>\n<link rel=\"canonical\" href=\"https:\/\/z-plus.be\/fr\/actualites\/\" \/>\n<meta property=\"og:locale\" content=\"fr_FR\" \/>\n<meta property=\"og:type\" content=\"article\" \/>\n<meta property=\"og:title\" content=\"Actualit\u00e9s - Z Plus\" \/>\n<meta property=\"og:description\" content=\"Vous \u00eates curieux de conna\u00eetre l&rsquo;actualit\u00e9 de Z-plus? Nous pr\u00e9sentons quelques cas. Z+ Alarme Incendie \u00e0 Halle Un incendie s&rsquo;est d\u00e9clar\u00e9 dans des logements sociaux \u00e0 Halle le 1er avril. Les r\u00e9sidents ne peuvent pas rentrer chez eux imm\u00e9diatement. Certains d&rsquo;entre eux seront h\u00e9berg\u00e9s dans un h\u00f4tel. Gr\u00e2ce \u00e0 une alarme de personnes connect\u00e9e \u00e0 [&hellip;]\" \/>\n<meta property=\"og:url\" content=\"https:\/\/z-plus.be\/fr\/actualites\/\" \/>\n<meta property=\"og:site_name\" content=\"Z Plus\" \/>\n<meta property=\"article:modified_time\" content=\"2023-07-11T20:57:32+00:00\" \/>\n<meta property=\"og:image\" content=\"https:\/\/z-plus.be\/wp-content\/uploads\/2023\/04\/Halle-1024x576.png\" \/>\n<meta name=\"twitter:card\" content=\"summary_large_image\" \/>\n<meta name=\"twitter:label1\" content=\"Dur\u00e9e de lecture estim\u00e9e\" \/>\n\t<meta name=\"twitter:data1\" content=\"2 minutes\" \/>\n<script type=\"application\/ld+json\" class=\"yoast-schema-graph\">{\"@context\":\"https:\/\/schema.org\",\"@graph\":[{\"@type\":\"WebPage\",\"@id\":\"https:\/\/z-plus.be\/fr\/actualites\/\",\"url\":\"https:\/\/z-plus.be\/fr\/actualites\/\",\"name\":\"Actualit\u00e9s - Z Plus\",\"isPartOf\":{\"@id\":\"https:\/\/z-plus.be\/fr\/#website\"},\"primaryImageOfPage\":{\"@id\":\"https:\/\/z-plus.be\/fr\/actualites\/#primaryimage\"},\"image\":{\"@id\":\"https:\/\/z-plus.be\/fr\/actualites\/#primaryimage\"},\"thumbnailUrl\":\"https:\/\/z-plus.be\/wp-content\/uploads\/2023\/04\/Halle-1024x576.png\",\"datePublished\":\"2023-04-21T14:55:58+00:00\",\"dateModified\":\"2023-07-11T20:57:32+00:00\",\"breadcrumb\":{\"@id\":\"https:\/\/z-plus.be\/fr\/actualites\/#breadcrumb\"},\"inLanguage\":\"fr-FR\",\"potentialAction\":[{\"@type\":\"ReadAction\",\"target\":[\"https:\/\/z-plus.be\/fr\/actualites\/\"]}]},{\"@type\":\"ImageObject\",\"inLanguage\":\"fr-FR\",\"@id\":\"https:\/\/z-plus.be\/fr\/actualites\/#primaryimage\",\"url\":\"https:\/\/z-plus.be\/wp-content\/uploads\/2023\/04\/Halle-1024x576.png\",\"contentUrl\":\"https:\/\/z-plus.be\/wp-content\/uploads\/2023\/04\/Halle-1024x576.png\"},{\"@type\":\"BreadcrumbList\",\"@id\":\"https:\/\/z-plus.be\/fr\/actualites\/#breadcrumb\",\"itemListElement\":[{\"@type\":\"ListItem\",\"position\":1,\"name\":\"Home\",\"item\":\"https:\/\/z-plus.be\/fr\/\"},{\"@type\":\"ListItem\",\"position\":2,\"name\":\"Actualit\u00e9s\"}]},{\"@type\":\"WebSite\",\"@id\":\"https:\/\/z-plus.be\/fr\/#website\",\"url\":\"https:\/\/z-plus.be\/fr\/\",\"name\":\"Z Plus\",\"description\":\"Zorg op afstand\",\"publisher\":{\"@id\":\"https:\/\/z-plus.be\/fr\/#organization\"},\"potentialAction\":[{\"@type\":\"SearchAction\",\"target\":{\"@type\":\"EntryPoint\",\"urlTemplate\":\"https:\/\/z-plus.be\/fr\/?s={search_term_string}\"},\"query-input\":{\"@type\":\"PropertyValueSpecification\",\"valueRequired\":true,\"valueName\":\"search_term_string\"}}],\"inLanguage\":\"fr-FR\"},{\"@type\":\"Organization\",\"@id\":\"https:\/\/z-plus.be\/fr\/#organization\",\"name\":\"Z Plus\",\"url\":\"https:\/\/z-plus.be\/fr\/\",\"logo\":{\"@type\":\"ImageObject\",\"inLanguage\":\"fr-FR\",\"@id\":\"https:\/\/z-plus.be\/fr\/#\/schema\/logo\/image\/\",\"url\":\"https:\/\/z-plus.be\/wp-content\/uploads\/2023\/02\/z-plus-logo.png\",\"contentUrl\":\"https:\/\/z-plus.be\/wp-content\/uploads\/2023\/02\/z-plus-logo.png\",\"width\":304,\"height\":300,\"caption\":\"Z Plus\"},\"image\":{\"@id\":\"https:\/\/z-plus.be\/fr\/#\/schema\/logo\/image\/\"}}]}<\/script>\n<!-- \/ Yoast SEO plugin. -->","yoast_head_json":{"title":"Actualit\u00e9s - Z Plus","robots":{"index":"index","follow":"follow","max-snippet":"max-snippet:-1","max-image-preview":"max-image-preview:large","max-video-preview":"max-video-preview:-1"},"canonical":"https:\/\/z-plus.be\/fr\/actualites\/","og_locale":"fr_FR","og_type":"article","og_title":"Actualit\u00e9s - Z Plus","og_description":"Vous \u00eates curieux de conna\u00eetre l&rsquo;actualit\u00e9 de Z-plus? Nous pr\u00e9sentons quelques cas. Z+ Alarme Incendie \u00e0 Halle Un incendie s&rsquo;est d\u00e9clar\u00e9 dans des logements sociaux \u00e0 Halle le 1er avril. Les r\u00e9sidents ne peuvent pas rentrer chez eux imm\u00e9diatement. Certains d&rsquo;entre eux seront h\u00e9berg\u00e9s dans un h\u00f4tel. Gr\u00e2ce \u00e0 une alarme de personnes connect\u00e9e \u00e0 [&hellip;]","og_url":"https:\/\/z-plus.be\/fr\/actualites\/","og_site_name":"Z Plus","article_modified_time":"2023-07-11T20:57:32+00:00","og_image":[{"url":"https:\/\/z-plus.be\/wp-content\/uploads\/2023\/04\/Halle-1024x576.png","type":"","width":"","height":""}],"twitter_card":"summary_large_image","twitter_misc":{"Dur\u00e9e de lecture estim\u00e9e":"2 minutes"},"schema":{"@context":"https:\/\/schema.org","@graph":[{"@type":"WebPage","@id":"https:\/\/z-plus.be\/fr\/actualites\/","url":"https:\/\/z-plus.be\/fr\/actualites\/","name":"Actualit\u00e9s - Z Plus","isPartOf":{"@id":"https:\/\/z-plus.be\/fr\/#website"},"primaryImageOfPage":{"@id":"https:\/\/z-plus.be\/fr\/actualites\/#primaryimage"},"image":{"@id":"https:\/\/z-plus.be\/fr\/actualites\/#primaryimage"},"thumbnailUrl":"https:\/\/z-plus.be\/wp-content\/uploads\/2023\/04\/Halle-1024x576.png","datePublished":"2023-04-21T14:55:58+00:00","dateModified":"2023-07-11T20:57:32+00:00","breadcrumb":{"@id":"https:\/\/z-plus.be\/fr\/actualites\/#breadcrumb"},"inLanguage":"fr-FR","potentialAction":[{"@type":"ReadAction","target":["https:\/\/z-plus.be\/fr\/actualites\/"]}]},{"@type":"ImageObject","inLanguage":"fr-FR","@id":"https:\/\/z-plus.be\/fr\/actualites\/#primaryimage","url":"https:\/\/z-plus.be\/wp-content\/uploads\/2023\/04\/Halle-1024x576.png","contentUrl":"https:\/\/z-plus.be\/wp-content\/uploads\/2023\/04\/Halle-1024x576.png"},{"@type":"BreadcrumbList","@id":"https:\/\/z-plus.be\/fr\/actualites\/#breadcrumb","itemListElement":[{"@type":"ListItem","position":1,"name":"Home","item":"https:\/\/z-plus.be\/fr\/"},{"@type":"ListItem","position":2,"name":"Actualit\u00e9s"}]},{"@type":"WebSite","@id":"https:\/\/z-plus.be\/fr\/#website","url":"https:\/\/z-plus.be\/fr\/","name":"Z Plus","description":"Zorg op afstand","publisher":{"@id":"https:\/\/z-plus.be\/fr\/#organization"},"potentialAction":[{"@type":"SearchAction","target":{"@type":"EntryPoint","urlTemplate":"https:\/\/z-plus.be\/fr\/?s={search_term_string}"},"query-input":{"@type":"PropertyValueSpecification","valueRequired":true,"valueName":"search_term_string"}}],"inLanguage":"fr-FR"},{"@type":"Organization","@id":"https:\/\/z-plus.be\/fr\/#organization","name":"Z Plus","url":"https:\/\/z-plus.be\/fr\/","logo":{"@type":"ImageObject","inLanguage":"fr-FR","@id":"https:\/\/z-plus.be\/fr\/#\/schema\/logo\/image\/","url":"https:\/\/z-plus.be\/wp-content\/uploads\/2023\/02\/z-plus-logo.png","contentUrl":"https:\/\/z-plus.be\/wp-content\/uploads\/2023\/02\/z-plus-logo.png","width":304,"height":300,"caption":"Z Plus"},"image":{"@id":"https:\/\/z-plus.be\/fr\/#\/schema\/logo\/image\/"}}]}},"_links":{"self":[{"href":"https:\/\/z-plus.be\/fr\/wp-json\/wp\/v2\/pages\/531","targetHints":{"allow":["GET"]}}],"collection":[{"href":"https:\/\/z-plus.be\/fr\/wp-json\/wp\/v2\/pages"}],"about":[{"href":"https:\/\/z-plus.be\/fr\/wp-json\/wp\/v2\/types\/page"}],"author":[{"embeddable":true,"href":"https:\/\/z-plus.be\/fr\/wp-json\/wp\/v2\/users\/2"}],"replies":[{"embeddable":true,"href":"https:\/\/z-plus.be\/fr\/wp-json\/wp\/v2\/comments?post=531"}],"version-history":[{"count":6,"href":"https:\/\/z-plus.be\/fr\/wp-json\/wp\/v2\/pages\/531\/revisions"}],"predecessor-version":[{"id":809,"href":"https:\/\/z-plus.be\/fr\/wp-json\/wp\/v2\/pages\/531\/revisions\/809"}],"wp:attachment":[{"href":"https:\/\/z-plus.be\/fr\/wp-json\/wp\/v2\/media?parent=531"}],"curies":[{"name":"wp","href":"https:\/\/api.w.org\/{rel}","templated":true}]}}